{"id":2526,"date":"2023-10-19T09:35:53","date_gmt":"2023-10-19T09:35:53","guid":{"rendered":"https:\/\/territori24.com\/informacio-legal\/"},"modified":"2023-11-20T11:31:07","modified_gmt":"2023-11-20T11:31:07","slug":"informacio-legal","status":"publish","type":"page","link":"https:\/\/territori24.com\/ca\/informacio-legal\/","title":{"rendered":"Informaci\u00f3 legal"},"content":{"rendered":"<div class=\"fusion-fullwidth fullwidth-box fusion-builder-row-1 fusion-flex-container has-pattern-background has-mask-background nonhundred-percent-fullwidth non-hundred-percent-height-scrolling fusion-custom-z-index\" style=\"--awb-border-radius-top-left:0px;--awb-border-radius-top-right:0px;--awb-border-radius-bottom-right:0px;--awb-border-radius-bottom-left:0px;--awb-z-index:1;--awb-flex-wrap:wrap;\" ><div class=\"fusion-builder-row fusion-row fusion-flex-align-items-flex-start fusion-flex-content-wrap\" style=\"max-width:1476.8px;margin-left: calc(-4% \/ 2 );margin-right: calc(-4% \/ 2 );\"><div class=\"fusion-layout-column fusion_builder_column fusion-builder-column-0 fusion_builder_column_1_1 1_1 fusion-flex-column\" style=\"--awb-bg-size:cover;--awb-width-large:100%;--awb-margin-top-large:0px;--awb-spacing-right-large:1.92%;--awb-margin-bottom-large:0px;--awb-spacing-left-large:1.92%;--awb-width-medium:100%;--awb-spacing-right-medium:1.92%;--awb-spacing-left-medium:1.92%;--awb-width-small:100%;--awb-spacing-right-small:1.92%;--awb-spacing-left-small:1.92%;\"><div class=\"fusion-column-wrapper fusion-flex-justify-content-flex-start fusion-content-layout-column\"><div class=\"fusion-text fusion-text-1\"><p>AV\u00cdS LEGAL<\/p>\n<p>En compliment del que estableix la Llei Org\u00e0nica de Protecci\u00f3 de Dades, la Llei 34\/2002 de Serveis de la Societat de la Informaci\u00f3 i Comer\u00e7 Electr\u00f2nic, i el que estableix el Reglament (UE) 2016\/679 del Parlament Europeu i del Consell de 27 d&#8217;abril de 2016 (GDPR), l&#8217;informem que aquesta p\u00e0gina web \u00e9s propietat de TERRITORI24 ARQUITECTURA I URBANISME, SLP, IVA B64024631, d&#8217;ara endavant TERRITORI24, amb domicili social al c\/ Esgl\u00e9sia 4-10, Local 2D, 08024 Barcelona.<\/p>\n<p>DEFINICIONS<\/p>\n<p>WEB: Domini posat a disposici\u00f3 dels Usuaris d&#8217;Internet. Descriu el sistema d&#8217;acc\u00e9s a la informaci\u00f3 a trav\u00e9s d&#8217;Internet. P\u00e0gines dissenyades i publicades sota un nom de domini d&#8217;Internet que resulten de la informaci\u00f3 facilitada pel titular a l&#8217;Usuari.<\/p>\n<p>USUARI: Persona f\u00edsica o jur\u00eddica que navega per la Web.<\/p>\n<p>CONTINGUT: Informaci\u00f3 i serveis que integren la totalitat del domini que TERRITORI24 posa a disposici\u00f3 de l&#8217;Usuari. Inclou missatges, textos, gr\u00e0fics, fotografies, icones, logotips, enlla\u00e7os, programari, aparen\u00e7a, disseny gr\u00e0fic i, en general, tota la informaci\u00f3 continguda a la web.<\/p>\n<p>HIPERENLLA\u00c7: T\u00e8cnica per la qual l&#8217;Usuari pot navegar a trav\u00e9s de diferents p\u00e0gines de la Web, o d&#8217;Internet, amb un simple clic sobre el text, icona, o bot\u00f3 indicatiu que cont\u00e9 l&#8217;enlla\u00e7.<\/p>\n<p>COOKIES: Mitjans t\u00e8cnics per a la tra\u00e7abilitat i seguiment de la navegaci\u00f3 en els llocs web, s\u00f3n petits arxius de text escrits a l&#8217;ordinador de l&#8217;Usuari. Com que tenen implicacions sobre la privacitat, TERRITORI24 informar\u00e0 degudament i oportunament l&#8217;Usuari del seu \u00fas.<\/p>\n<p>\u00daS DE LA WEB<\/p>\n<p>L&#8217;acc\u00e9s i \u00fas d&#8217;aquest lloc web atribueix a qui ho realitza la condici\u00f3 d&#8217;Usuari i est\u00e0 condicionat a la pr\u00e8via lectura i acceptaci\u00f3 \u00edntegra, expressa i sense reserves de les presents condicions generals d&#8217;\u00fas en el moment de l&#8217;acc\u00e9s, que preguem llegeixi detingudament. En accedir o utilitzar la Web, vost\u00e8 reconeix haver llegit i compr\u00e8s, sense limitaci\u00f3 ni reserva, aquestes condicions generals.<\/p>\n<p>A trav\u00e9s de la nostra p\u00e0gina web https:\/\/www.territori24.com\/, proporcionem informaci\u00f3 sobre TERRITORI24.<\/p>\n<p>COPYRIGHT<\/p>\n<p>Tots els continguts, textos i imatges d&#8217;aquest lloc web s\u00f3n propietat de TERRITORI24, incloent tots els continguts que, a t\u00edtol enunciatiu, gr\u00e0fics, logotips, marques, dissenys industrials, icones, clips d&#8217;\u00e0udio o v\u00eddeo, recopilacions de dades, not\u00edcies, informacions i qualsevol altre signe, estan subjectes i protegits pels drets de propietat intel\u00b7lectual a favor d&#8217;TERRITORI24. Queda prohibida la seva reproducci\u00f3, distribuci\u00f3, transformaci\u00f3, total o parcial, sense autoritzaci\u00f3 expressa de TERRITORI24.<br \/>\nL&#8217;Usuari \u00fanicament t\u00e9 dret a un \u00fas privat dels mateixos, necessitant autoritzaci\u00f3 expressa per part de TERRITORI24 per modificar-los, reproduir-los, explotar-los, distribuir-los, o qualsevol altre dret pertanyent al seu titular.<\/p>\n<p>No obstant l&#8217;anterior, es concedeix a l&#8217;Usuari els drets d&#8217;acc\u00e9s, desc\u00e0rrega, impressi\u00f3, reproducci\u00f3 en qualsevol suport, aix\u00ed com d&#8217;\u00fas dels continguts de la Web a la qual se li permet l&#8217;acc\u00e9s, amb finalitats merament informatives.<\/p>\n<p>En cas que consideri que s&#8217;est\u00e0 vulnerant alguna normativa relativa als drets de propietat intel\u00b7lectual o altres drets en aquest lloc web, li preguem que ens ho comuniqui amb l&#8217;objectiu de restablir l&#8217;ordre pertorbat, si s&#8217;hagu\u00e9s produ\u00eft.<\/p>\n<p>CONTINGUT WEB<\/p>\n<p>El contingut d&#8217;aquest lloc web t\u00e9 com a finalitat informar i donar a con\u00e8ixer les activitats, productes i serveis prestats per TERRITORI24. Queda prohibit l&#8217;\u00fas dels continguts del lloc web per promocionar, contractar o divulgar publicitat o informaci\u00f3 pr\u00f2pia o de tercers sense l&#8217;autoritzaci\u00f3 de TERRITORI24, ni remetre publicitat o informaci\u00f3 utilitzant els serveis o la informaci\u00f3 posada a disposici\u00f3 de l&#8217;Usuari a trav\u00e9s d&#8217;aquest lloc web.<\/p>\n<p>CONDICIONS D&#8217;ACC\u00c9S<\/p>\n<p>L&#8217;acc\u00e9s a la nostra p\u00e0gina web \u00e9s gratu\u00eft i no requereix pr\u00e8via subscripci\u00f3 o registre. L&#8217;Usuari haur\u00e0 d&#8217;accedir a la Web de bona fe i a aquestes condicions generals d&#8217;\u00fas i accedir\u00e0 sota la seva \u00fanica i exclusiva responsabilitat.<\/p>\n<p>L&#8217;Usuari t\u00e9 expressament prohibida la utilitzaci\u00f3 i obtenci\u00f3 dels serveis i continguts oferts en aquest lloc web per procediments diferents dels estipulats en les condicions d&#8217;\u00fas.<\/p>\n<p>PROTECCI\u00d3 DE DADES PERSONALS<\/p>\n<p>Els fitxers sota la nostra responsabilitat es troben degudament inscrits en el Registre General de Protecci\u00f3 de Dades. L&#8217;Usuari t\u00e9 dret en tot moment a accedir a aquesta informaci\u00f3, podent rectificar-la, cancel\u00b7lar-la o oposar-s&#8217;hi adjuntant fotoc\u00f2pia del seu DNI o un altre document identificatiu, a l&#8217;adre\u00e7a: c\/ Esgl\u00e9sia 4-10, Local 2D, 08024 Barcelona.<\/p>\n<p>Per con\u00e8ixer els detalls sobre els nostres processos de protecci\u00f3 de dades, pot consultar la nostra &#8220;Pol\u00edtica de Privacitat&#8221; en aquesta p\u00e0gina web.<\/p>\n<p>COOKIES<\/p>\n<p>L&#8217;informem que podr\u00edem utilitzar &#8220;cookies&#8221; per personalitzar la publicitat i el contingut que veu durant la navegaci\u00f3, atendre les seves demandes sobre productes i serveis, aix\u00ed com informar-lo sobre promocions i nous productes, per perfilar i millorar la nostra relaci\u00f3 amb l&#8217;Usuari, per fidelitzar, i per fer un seguiment estad\u00edstic. L&#8217;Usuari t\u00e9 la possibilitat de configurar el seu navegador per ser avisat de la recepci\u00f3 o, si escau, rebuig de la recepci\u00f3 de &#8220;cookies&#8221; al seu disc dur, consultant les instruccions i manuals del seu navegador per ampliar aquesta informaci\u00f3 al respecte.<\/p>\n<p>L&#8217;\u00fas de cookies a la nostra p\u00e0gina web t\u00e9 com a \u00fanica finalitat interrelacionar dades a trav\u00e9s de diferents formularis de sol\u00b7licitud de dades.<\/p>\n<p>RESPONSABILITATS<\/p>\n<p>En posar a disposici\u00f3 de l&#8217;Usuari la nostra p\u00e0gina web intentem oferir-li continguts i serveis de qualitat, utilitzant la m\u00e0xima dilig\u00e8ncia no nom\u00e9s en la prestaci\u00f3 dels mateixos sin\u00f3 tamb\u00e9 en els mitjans tecnol\u00f2gics utilitzats. No obstant aix\u00f2, no respondrem de la pres\u00e8ncia de virus o qualsevol altre element que pugui danyar el sistema inform\u00e0tic, documents i fitxers de l&#8217;Usuari.<\/p>\n<p>TERRITORI24 no garanteix el correcte funcionament pel que fa a la disponibilitat i continu\u00eftat del seu lloc web. En la mesura del possible, intentarem posar en coneixement de l&#8217;Usuari qualsevol interrupci\u00f3 en el servei, corregint-ho al m\u00e9s aviat possible. No obstant aix\u00f2, quedem exonerats de qualsevol responsabilitat derivada del mal funcionament o interrupcions del lloc web.<\/p>\n<p>Tot el relatiu a aquest lloc web es regeix exclusivament per les lleis espanyoles.<\/p>\n<p>POL\u00cdTICA ANTI-SPAM Usuaris que rebin comunicacions, informacions, publicitat electr\u00f2nica de TERRITORI24 la rebin mitjan\u00e7ant sol\u00b7licitud d&#8217;informaci\u00f3, per qualsevol mitj\u00e0 (tradicional o electr\u00f2nic) sobre els seus productes i serveis. Si NO desitja que TERRITORI24 utilitzi les seves dades per facilitar informaci\u00f3 sobre les seves ofertes, dirigeixi&#8217;s a c\/ Esgl\u00e9sia 4-10, Local 2D, 08024 Barcelona, o a trav\u00e9s del correu electr\u00f2nic t24@territori24.com.<\/p>\n<p>ATENCI\u00d3<\/p>\n<p>Les presents condicions generals d&#8217;\u00fas han estat establertes per TERRITORI24. Podem procedir a modificar-les en qualsevol moment, comprovar la data d&#8217;emissi\u00f3 cada vegada que es connecti a la nostra web i obtindr\u00e0 la certesa que no s&#8217;ha produ\u00eft cap modificaci\u00f3 que l&#8217;afecti. Per a qualsevol aclariment respecte a les condicions d&#8217;\u00fas de la nostra p\u00e0gina web, pot posar-se en contacte amb nosaltres utilitzant l&#8217;adre\u00e7a de correu electr\u00f2nic t24@territori24.com.<\/p>\n<\/div><\/div><\/div><\/div><\/div>\n","protected":false},"excerpt":{"rendered":"","protected":false},"author":1,"featured_media":0,"parent":0,"menu_order":0,"comment_status":"closed","ping_status":"closed","template":"","meta":{"footnotes":""},"class_list":["post-2526","page","type-page","status-publish","hentry"],"yoast_head":"<!-- This site is optimized with the Yoast SEO plugin v27.4 - https:\/\/yoast.com\/product\/yoast-seo-wordpress\/ -->\n<title>Informaci\u00f3 legal - Territori 24<\/title>\n<meta name=\"robots\" content=\"noindex, nofollow\" \/>\n<meta property=\"og:locale\" content=\"ca_ES\" \/>\n<meta property=\"og:type\" content=\"article\" \/>\n<meta property=\"og:title\" content=\"Informaci\u00f3 legal - Territori 24\" \/>\n<meta property=\"og:url\" content=\"https:\/\/territori24.com\/ca\/informacio-legal\/\" \/>\n<meta property=\"og:site_name\" content=\"Territori 24\" \/>\n<meta property=\"article:modified_time\" content=\"2023-11-20T11:31:07+00:00\" \/>\n<meta name=\"twitter:card\" content=\"summary_large_image\" \/>\n<meta name=\"twitter:label1\" content=\"Temps estimat de lectura\" \/>\n\t<meta name=\"twitter:data1\" content=\"9 minuts\" \/>\n<script type=\"application\/ld+json\" class=\"yoast-schema-graph\">{\"@context\":\"https:\\\/\\\/schema.org\",\"@graph\":[{\"@type\":\"WebPage\",\"@id\":\"https:\\\/\\\/territori24.com\\\/ca\\\/informacio-legal\\\/\",\"url\":\"https:\\\/\\\/territori24.com\\\/ca\\\/informacio-legal\\\/\",\"name\":\"Informaci\u00f3 legal - Territori 24\",\"isPartOf\":{\"@id\":\"https:\\\/\\\/territori24.com\\\/#website\"},\"datePublished\":\"2023-10-19T09:35:53+00:00\",\"dateModified\":\"2023-11-20T11:31:07+00:00\",\"breadcrumb\":{\"@id\":\"https:\\\/\\\/territori24.com\\\/ca\\\/informacio-legal\\\/#breadcrumb\"},\"inLanguage\":\"ca\",\"potentialAction\":[{\"@type\":\"ReadAction\",\"target\":[\"https:\\\/\\\/territori24.com\\\/ca\\\/informacio-legal\\\/\"]}]},{\"@type\":\"BreadcrumbList\",\"@id\":\"https:\\\/\\\/territori24.com\\\/ca\\\/informacio-legal\\\/#breadcrumb\",\"itemListElement\":[{\"@type\":\"ListItem\",\"position\":1,\"name\":\"Portada\",\"item\":\"https:\\\/\\\/territori24.com\\\/ca\\\/\"},{\"@type\":\"ListItem\",\"position\":2,\"name\":\"Informaci\u00f3 legal\"}]},{\"@type\":\"WebSite\",\"@id\":\"https:\\\/\\\/territori24.com\\\/#website\",\"url\":\"https:\\\/\\\/territori24.com\\\/\",\"name\":\"Territori 24\",\"description\":\"Arquitectura i Urbanisme\",\"potentialAction\":[{\"@type\":\"SearchAction\",\"target\":{\"@type\":\"EntryPoint\",\"urlTemplate\":\"https:\\\/\\\/territori24.com\\\/?s={search_term_string}\"},\"query-input\":{\"@type\":\"PropertyValueSpecification\",\"valueRequired\":true,\"valueName\":\"search_term_string\"}}],\"inLanguage\":\"ca\"}]}<\/script>\n<!-- \/ Yoast SEO plugin. -->","yoast_head_json":{"title":"Informaci\u00f3 legal - Territori 24","robots":{"index":"noindex","follow":"nofollow"},"og_locale":"ca_ES","og_type":"article","og_title":"Informaci\u00f3 legal - Territori 24","og_url":"https:\/\/territori24.com\/ca\/informacio-legal\/","og_site_name":"Territori 24","article_modified_time":"2023-11-20T11:31:07+00:00","twitter_card":"summary_large_image","twitter_misc":{"Temps estimat de lectura":"9 minuts"},"schema":{"@context":"https:\/\/schema.org","@graph":[{"@type":"WebPage","@id":"https:\/\/territori24.com\/ca\/informacio-legal\/","url":"https:\/\/territori24.com\/ca\/informacio-legal\/","name":"Informaci\u00f3 legal - Territori 24","isPartOf":{"@id":"https:\/\/territori24.com\/#website"},"datePublished":"2023-10-19T09:35:53+00:00","dateModified":"2023-11-20T11:31:07+00:00","breadcrumb":{"@id":"https:\/\/territori24.com\/ca\/informacio-legal\/#breadcrumb"},"inLanguage":"ca","potentialAction":[{"@type":"ReadAction","target":["https:\/\/territori24.com\/ca\/informacio-legal\/"]}]},{"@type":"BreadcrumbList","@id":"https:\/\/territori24.com\/ca\/informacio-legal\/#breadcrumb","itemListElement":[{"@type":"ListItem","position":1,"name":"Portada","item":"https:\/\/territori24.com\/ca\/"},{"@type":"ListItem","position":2,"name":"Informaci\u00f3 legal"}]},{"@type":"WebSite","@id":"https:\/\/territori24.com\/#website","url":"https:\/\/territori24.com\/","name":"Territori 24","description":"Arquitectura i Urbanisme","potentialAction":[{"@type":"SearchAction","target":{"@type":"EntryPoint","urlTemplate":"https:\/\/territori24.com\/?s={search_term_string}"},"query-input":{"@type":"PropertyValueSpecification","valueRequired":true,"valueName":"search_term_string"}}],"inLanguage":"ca"}]}},"_links":{"self":[{"href":"https:\/\/territori24.com\/ca\/wp-json\/wp\/v2\/pages\/2526","targetHints":{"allow":["GET"]}}],"collection":[{"href":"https:\/\/territori24.com\/ca\/wp-json\/wp\/v2\/pages"}],"about":[{"href":"https:\/\/territori24.com\/ca\/wp-json\/wp\/v2\/types\/page"}],"author":[{"embeddable":true,"href":"https:\/\/territori24.com\/ca\/wp-json\/wp\/v2\/users\/1"}],"replies":[{"embeddable":true,"href":"https:\/\/territori24.com\/ca\/wp-json\/wp\/v2\/comments?post=2526"}],"version-history":[{"count":2,"href":"https:\/\/territori24.com\/ca\/wp-json\/wp\/v2\/pages\/2526\/revisions"}],"predecessor-version":[{"id":2529,"href":"https:\/\/territori24.com\/ca\/wp-json\/wp\/v2\/pages\/2526\/revisions\/2529"}],"wp:attachment":[{"href":"https:\/\/territori24.com\/ca\/wp-json\/wp\/v2\/media?parent=2526"}],"curies":[{"name":"wp","href":"https:\/\/api.w.org\/{rel}","templated":true}]}}