{"id":2536,"date":"2023-11-17T08:55:53","date_gmt":"2023-11-17T08:55:53","guid":{"rendered":"https:\/\/territori24.com\/accessibilitat\/"},"modified":"2023-11-20T11:39:48","modified_gmt":"2023-11-20T11:39:48","slug":"accessibilitat","status":"publish","type":"page","link":"https:\/\/territori24.com\/ca\/accessibilitat\/","title":{"rendered":"Accessibilitat"},"content":{"rendered":"<div class=\"fusion-fullwidth fullwidth-box fusion-builder-row-1 fusion-flex-container has-pattern-background has-mask-background nonhundred-percent-fullwidth non-hundred-percent-height-scrolling\" style=\"--awb-border-radius-top-left:0px;--awb-border-radius-top-right:0px;--awb-border-radius-bottom-right:0px;--awb-border-radius-bottom-left:0px;--awb-flex-wrap:wrap;\" ><div class=\"fusion-builder-row fusion-row fusion-flex-align-items-flex-start fusion-flex-content-wrap\" style=\"max-width:1476.8px;margin-left: calc(-4% \/ 2 );margin-right: calc(-4% \/ 2 );\"><div class=\"fusion-layout-column fusion_builder_column fusion-builder-column-0 fusion_builder_column_1_1 1_1 fusion-flex-column\" style=\"--awb-bg-size:cover;--awb-width-large:100%;--awb-margin-top-large:0px;--awb-spacing-right-large:1.92%;--awb-margin-bottom-large:20px;--awb-spacing-left-large:1.92%;--awb-width-medium:100%;--awb-order-medium:0;--awb-spacing-right-medium:1.92%;--awb-spacing-left-medium:1.92%;--awb-width-small:100%;--awb-order-small:0;--awb-spacing-right-small:1.92%;--awb-spacing-left-small:1.92%;\"><div class=\"fusion-column-wrapper fusion-column-has-shadow fusion-flex-justify-content-flex-start fusion-content-layout-column\"><div class=\"fusion-text fusion-text-1\" style=\"--awb-font-size:var(--awb-typography4-font-size);--awb-line-height:var(--awb-typography4-line-height);--awb-letter-spacing:var(--awb-typography4-letter-spacing);--awb-text-transform:var(--awb-typography4-text-transform);--awb-text-font-family:var(--awb-typography4-font-family);--awb-text-font-weight:var(--awb-typography4-font-weight);--awb-text-font-style:var(--awb-typography4-font-style);\"><p><strong>Declaraci\u00f3 d&#8217;accessibilitat<\/strong><\/p>\n<p>Aquesta declaraci\u00f3 d&#8217;accessibilitat s&#8217;aplica al lloc web <a href=\"https:\/\/territori24.com\/ca\/\" target=\"_new\" rel=\"noopener\">https:\/\/territori24.com:<\/a><\/p>\n<p><strong>Situaci\u00f3 de compliment: Aquest lloc web \u00e9s parcialment conforme amb el RD 1112\/2018 a causa de les excepcions i incompliments que es detallen a continuaci\u00f3.<\/strong><\/p>\n<p><strong>Contingut no accessible: El contingut que es detalla a continuaci\u00f3 no \u00e9s accessible pels motius seg\u00fcents:<\/strong><\/p>\n<p>Manca de conformitat amb el RD 1112\/2018: Poden existir errors puntuals de codi en determinades p\u00e0gines web (4.1.1 Tractament).<\/p>\n<p>C\u00e0rrega desproporcionada: No aplica.<\/p>\n<p>Contingut fora de l&#8217;\u00e0mbit de la legislaci\u00f3 aplicable: No aplica.<\/p>\n<p><strong>Preparaci\u00f3 de la present Declaraci\u00f3 d&#8217;Accessibilitat: La present declaraci\u00f3 va ser preparada el 6 de juny de 2023.<\/strong><\/p>\n<p>El m\u00e8tode utilitzat per preparar la declaraci\u00f3 ha estat una autoavaluaci\u00f3 realitzada per l&#8217;equip de desenvolupament del lloc web.<\/p>\n<p><strong>Observacions i dades de contacte: Podeu comunicar els requisits d&#8217;accessibilitat (article 10.2.a del RD 1112\/2018) mitjan\u00e7ant:<\/strong><\/p>\n<p>Informar de qualsevol possible incompliment per part d&#8217;aquest lloc web. Transmetre altres dificultats d&#8217;acc\u00e9s. Formular qualsevol altra consulta o suggeriment de millora relacionada amb l&#8217;accessibilitat del lloc web a trav\u00e9s del formulari de contacte del lloc web o trucant al (+34) 932 388 718.<\/p>\n<p>Es pot presentar:<\/p>\n<p>Una queixa relativa al compliment dels requisits del RD 1112\/2018 o Sol\u00b7licitud d&#8217;Informaci\u00f3 Accessible relativa a: Contingut excl\u00f2s de l&#8217;\u00e0mbit d&#8217;aplicaci\u00f3 del RD 1112\/2018 segons l&#8217;article 3, apartat 4. Continguts exempts del compliment dels requisits d&#8217;accessibilitat per imposar una c\u00e0rrega desproporcionada.<\/p>\n<p>En la Sol\u00b7licitud d&#8217;Informaci\u00f3 Accessible haur\u00e0 d&#8217;especificar clarament els fets, raons i petici\u00f3 per demostrar que es tracta d&#8217;una sol\u00b7licitud raonable i leg\u00edtima.<\/p>\n<p>Les queixes i reclamacions sobre informaci\u00f3 accessible seran tractades per correu electr\u00f2nic i rebudes i tractades per l&#8217;equip de desenvolupament web.<\/p>\n<p><strong>Procediment de sol\u00b7licitud: Si s&#8217;ha desestimat una sol\u00b7licitud d&#8217;informaci\u00f3 accessible o una queixa, si no hi ha disconformitat amb la resoluci\u00f3 o si la resposta no compleix els requisits assenyalats a l&#8217;article 12.5, la persona interessada pot iniciar una queixa.<\/strong> Tamb\u00e9 es pot iniciar una reclamaci\u00f3 si han transcorregut vint dies h\u00e0bils sense rebre resposta.<\/p>\n<p><strong>Contingut opcional: Aquest portal est\u00e0 dissenyat per permetre canvis en la mida, el color i el fons del text mitjan\u00e7ant la configuraci\u00f3 est\u00e0ndard del navegador.<\/strong><\/p>\n<p>Si voleu canviar la mida del text en els principals navegadors gr\u00e0fics, utilitzeu els men\u00fas seg\u00fcents:<\/p>\n<p>Internet Explorer, Mozilla i Firefox: veure &gt;mida del text Opera: Veure &gt;Zoom Safari: veure &gt;fer m\u00e9s gran el text Chrome: controlar la p\u00e0gina actual &gt;la mida del text Per modificar la mida de tot el que hi ha a la p\u00e0gina: Ctrl + + per augmentar Ctrl + \u2013 per disminuir Ctrl + 0 restaura la mida del text original<\/p>\n<p>Si voleu substituir el full d&#8217;estil o canviar el color del text, consulteu la p\u00e0gina How to Change Text Size o Colors de la WAI, que es pot llegir en castell\u00e0 a \u00bfC\u00f3mo cambiar el tama\u00f1o del texto o colores?<\/p>\n<\/div><\/div><\/div><\/div><\/div>\n","protected":false},"excerpt":{"rendered":"","protected":false},"author":1,"featured_media":0,"parent":0,"menu_order":0,"comment_status":"closed","ping_status":"closed","template":"","meta":{"footnotes":""},"class_list":["post-2536","page","type-page","status-publish","hentry"],"yoast_head":"<!-- This site is optimized with the Yoast SEO plugin v27.3 - https:\/\/yoast.com\/product\/yoast-seo-wordpress\/ -->\n<title>Accessibilitat - Territori 24<\/title>\n<meta name=\"robots\" content=\"index, follow, max-snippet:-1, max-image-preview:large, max-video-preview:-1\" \/>\n<link rel=\"canonical\" href=\"https:\/\/territori24.com\/ca\/accessibilitat\/\" \/>\n<meta property=\"og:locale\" content=\"ca_ES\" \/>\n<meta property=\"og:type\" content=\"article\" \/>\n<meta property=\"og:title\" content=\"Accessibilitat - Territori 24\" \/>\n<meta property=\"og:url\" content=\"https:\/\/territori24.com\/ca\/accessibilitat\/\" \/>\n<meta property=\"og:site_name\" content=\"Territori 24\" \/>\n<meta property=\"article:modified_time\" content=\"2023-11-20T11:39:48+00:00\" \/>\n<meta name=\"twitter:card\" content=\"summary_large_image\" \/>\n<meta name=\"twitter:label1\" content=\"Temps estimat de lectura\" \/>\n\t<meta name=\"twitter:data1\" content=\"7 minuts\" \/>\n<script type=\"application\/ld+json\" class=\"yoast-schema-graph\">{\"@context\":\"https:\\\/\\\/schema.org\",\"@graph\":[{\"@type\":\"WebPage\",\"@id\":\"https:\\\/\\\/territori24.com\\\/ca\\\/accessibilitat\\\/\",\"url\":\"https:\\\/\\\/territori24.com\\\/ca\\\/accessibilitat\\\/\",\"name\":\"Accessibilitat - Territori 24\",\"isPartOf\":{\"@id\":\"https:\\\/\\\/territori24.com\\\/#website\"},\"datePublished\":\"2023-11-17T08:55:53+00:00\",\"dateModified\":\"2023-11-20T11:39:48+00:00\",\"breadcrumb\":{\"@id\":\"https:\\\/\\\/territori24.com\\\/ca\\\/accessibilitat\\\/#breadcrumb\"},\"inLanguage\":\"ca\",\"potentialAction\":[{\"@type\":\"ReadAction\",\"target\":[\"https:\\\/\\\/territori24.com\\\/ca\\\/accessibilitat\\\/\"]}]},{\"@type\":\"BreadcrumbList\",\"@id\":\"https:\\\/\\\/territori24.com\\\/ca\\\/accessibilitat\\\/#breadcrumb\",\"itemListElement\":[{\"@type\":\"ListItem\",\"position\":1,\"name\":\"Portada\",\"item\":\"https:\\\/\\\/territori24.com\\\/ca\\\/\"},{\"@type\":\"ListItem\",\"position\":2,\"name\":\"Accessibilitat\"}]},{\"@type\":\"WebSite\",\"@id\":\"https:\\\/\\\/territori24.com\\\/#website\",\"url\":\"https:\\\/\\\/territori24.com\\\/\",\"name\":\"Territori 24\",\"description\":\"Arquitectura i Urbanisme\",\"potentialAction\":[{\"@type\":\"SearchAction\",\"target\":{\"@type\":\"EntryPoint\",\"urlTemplate\":\"https:\\\/\\\/territori24.com\\\/?s={search_term_string}\"},\"query-input\":{\"@type\":\"PropertyValueSpecification\",\"valueRequired\":true,\"valueName\":\"search_term_string\"}}],\"inLanguage\":\"ca\"}]}<\/script>\n<!-- \/ Yoast SEO plugin. -->","yoast_head_json":{"title":"Accessibilitat - Territori 24","robots":{"index":"index","follow":"follow","max-snippet":"max-snippet:-1","max-image-preview":"max-image-preview:large","max-video-preview":"max-video-preview:-1"},"canonical":"https:\/\/territori24.com\/ca\/accessibilitat\/","og_locale":"ca_ES","og_type":"article","og_title":"Accessibilitat - Territori 24","og_url":"https:\/\/territori24.com\/ca\/accessibilitat\/","og_site_name":"Territori 24","article_modified_time":"2023-11-20T11:39:48+00:00","twitter_card":"summary_large_image","twitter_misc":{"Temps estimat de lectura":"7 minuts"},"schema":{"@context":"https:\/\/schema.org","@graph":[{"@type":"WebPage","@id":"https:\/\/territori24.com\/ca\/accessibilitat\/","url":"https:\/\/territori24.com\/ca\/accessibilitat\/","name":"Accessibilitat - Territori 24","isPartOf":{"@id":"https:\/\/territori24.com\/#website"},"datePublished":"2023-11-17T08:55:53+00:00","dateModified":"2023-11-20T11:39:48+00:00","breadcrumb":{"@id":"https:\/\/territori24.com\/ca\/accessibilitat\/#breadcrumb"},"inLanguage":"ca","potentialAction":[{"@type":"ReadAction","target":["https:\/\/territori24.com\/ca\/accessibilitat\/"]}]},{"@type":"BreadcrumbList","@id":"https:\/\/territori24.com\/ca\/accessibilitat\/#breadcrumb","itemListElement":[{"@type":"ListItem","position":1,"name":"Portada","item":"https:\/\/territori24.com\/ca\/"},{"@type":"ListItem","position":2,"name":"Accessibilitat"}]},{"@type":"WebSite","@id":"https:\/\/territori24.com\/#website","url":"https:\/\/territori24.com\/","name":"Territori 24","description":"Arquitectura i Urbanisme","potentialAction":[{"@type":"SearchAction","target":{"@type":"EntryPoint","urlTemplate":"https:\/\/territori24.com\/?s={search_term_string}"},"query-input":{"@type":"PropertyValueSpecification","valueRequired":true,"valueName":"search_term_string"}}],"inLanguage":"ca"}]}},"_links":{"self":[{"href":"https:\/\/territori24.com\/ca\/wp-json\/wp\/v2\/pages\/2536","targetHints":{"allow":["GET"]}}],"collection":[{"href":"https:\/\/territori24.com\/ca\/wp-json\/wp\/v2\/pages"}],"about":[{"href":"https:\/\/territori24.com\/ca\/wp-json\/wp\/v2\/types\/page"}],"author":[{"embeddable":true,"href":"https:\/\/territori24.com\/ca\/wp-json\/wp\/v2\/users\/1"}],"replies":[{"embeddable":true,"href":"https:\/\/territori24.com\/ca\/wp-json\/wp\/v2\/comments?post=2536"}],"version-history":[{"count":2,"href":"https:\/\/territori24.com\/ca\/wp-json\/wp\/v2\/pages\/2536\/revisions"}],"predecessor-version":[{"id":2539,"href":"https:\/\/territori24.com\/ca\/wp-json\/wp\/v2\/pages\/2536\/revisions\/2539"}],"wp:attachment":[{"href":"https:\/\/territori24.com\/ca\/wp-json\/wp\/v2\/media?parent=2536"}],"curies":[{"name":"wp","href":"https:\/\/api.w.org\/{rel}","templated":true}]}}