{"id":2522,"date":"2023-10-19T09:35:53","date_gmt":"2023-10-19T09:35:53","guid":{"rendered":"https:\/\/territori24.com\/informacion-legal\/"},"modified":"2023-11-20T11:25:50","modified_gmt":"2023-11-20T11:25:50","slug":"informacion-legal","status":"publish","type":"page","link":"https:\/\/territori24.com\/es\/informacion-legal\/","title":{"rendered":"Informaci\u00f3n legal"},"content":{"rendered":"<div class=\"fusion-fullwidth fullwidth-box fusion-builder-row-1 fusion-flex-container has-pattern-background has-mask-background nonhundred-percent-fullwidth non-hundred-percent-height-scrolling fusion-custom-z-index\" style=\"--awb-border-radius-top-left:0px;--awb-border-radius-top-right:0px;--awb-border-radius-bottom-right:0px;--awb-border-radius-bottom-left:0px;--awb-z-index:1;--awb-flex-wrap:wrap;\" ><div class=\"fusion-builder-row fusion-row fusion-flex-align-items-flex-start fusion-flex-content-wrap\" style=\"max-width:1476.8px;margin-left: calc(-4% \/ 2 );margin-right: calc(-4% \/ 2 );\"><div class=\"fusion-layout-column fusion_builder_column fusion-builder-column-0 fusion_builder_column_1_1 1_1 fusion-flex-column\" style=\"--awb-bg-size:cover;--awb-width-large:100%;--awb-margin-top-large:0px;--awb-spacing-right-large:1.92%;--awb-margin-bottom-large:0px;--awb-spacing-left-large:1.92%;--awb-width-medium:100%;--awb-spacing-right-medium:1.92%;--awb-spacing-left-medium:1.92%;--awb-width-small:100%;--awb-spacing-right-small:1.92%;--awb-spacing-left-small:1.92%;\"><div class=\"fusion-column-wrapper fusion-flex-justify-content-flex-start fusion-content-layout-column\"><div class=\"fusion-text fusion-text-1\"><p>AVISO LEGAL<\/p>\n<p>En cumplimiento de lo dispuesto en la Ley Org\u00e1nica de Protecci\u00f3n de Datos, la Ley 34\/2002 de Servicios de la Sociedad de la Informaci\u00f3n y de Comercio Electr\u00f3nico, y lo dispuesto en el Reglamento (UE) 2016\/679 del Parlamento Europeo y del Consejo de 27 de abril de 2016 (RGPD), le informamos que este sitio web es propiedad de TERRITORI24 ARQUITECTURA I URBANISME, SLP, B64024631 DE IVA, en adelante TERRITORI24, con domicilio social en c\/ Esglesia 4-10, Local 2D, 08024 Barcelona.<\/p>\n<p>DEFINICIONES<\/p>\n<p>WEB: Dominio puesto a disposici\u00f3n de los Usuarios de Internet. Describe el sistema de acceso a la informaci\u00f3n a trav\u00e9s de Internet. P\u00e1ginas dise\u00f1adas y publicadas bajo un nombre de dominio de Internet que resulten de la informaci\u00f3n proporcionada por el titular al Usuario.<\/p>\n<p>USUARIO: Persona f\u00edsica o jur\u00eddica que navega por la Web.<\/p>\n<p>CONTENIDO: Informaci\u00f3n y servicios que conforman la totalidad del dominio que TERRITORI24 pone a disposici\u00f3n del Usuario. Incluye mensajes, textos, gr\u00e1ficos, fotograf\u00edas, iconos, logotipos, enlaces, software, apariencia, dise\u00f1o gr\u00e1fico, y, en general, toda la informaci\u00f3n contenida en la Web.<\/p>\n<p>HIPERV\u00cdNCULO: T\u00e9cnica mediante la cual el Usuario puede navegar por diferentes p\u00e1ginas de la Web, o de Internet, con un simple clic sobre el texto, icono o bot\u00f3n indicativo que contiene el enlace.<\/p>\n<p>COOKIES: Medios t\u00e9cnicos para el rastreo y seguimiento de la navegaci\u00f3n en los sitios web, son peque\u00f1os archivos de texto escritos en el ordenador del Usuario. Al tener implicaciones para la privacidad, TERRITORI24 informar\u00e1 debida y oportunamente al Usuario de su uso.<\/p>\n<p>USO DE LA WEB<\/p>\n<p>El acceso y uso de este sitio web atribuye a la persona que lo realiza la condici\u00f3n de Usuario y queda condicionado a la previa lectura y aceptaci\u00f3n plena, expresa e incondicional de las presentes condiciones generales de uso en el momento del acceso, que le rogamos lea atentamente. Al acceder o utilizar la Web, usted reconoce que ha le\u00eddo y comprendido, sin limitaci\u00f3n ni reserva, las presentes condiciones generales.<\/p>\n<p>A trav\u00e9s de nuestro sitio web https:\/\/www.territori24.com\/, proporcionamos informaci\u00f3n sobre TERRITORI24.<\/p>\n<p>COPYRIGHT<\/p>\n<p>Todos los contenidos, textos e im\u00e1genes de este sitio web son propiedad de TERRITORI24, incluyendo todos los contenidos que, a t\u00edtulo ilustrativo, gr\u00e1ficos, logotipos, marcas, dise\u00f1os industriales, iconos, clips de audio o v\u00eddeo, recopilaciones de datos, noticias, informaci\u00f3n y cualquier otro signo, est\u00e9n sujetos y protegidos por derechos de propiedad intelectual a favor de TERRITORI24. Queda prohibida la reproducci\u00f3n, distribuci\u00f3n, transformaci\u00f3n, total o parcial, sin la autorizaci\u00f3n expresa de TERRITORI24.<br \/>\nEl Usuario \u00fanicamente tiene derecho a un uso privado de los mismos, necesitando autorizaci\u00f3n expresa de TERRITORI24 para modificarlos, reproducirlos, explotarlos, distribuirlos, o cualquier otro derecho perteneciente a su titular.<\/p>\n<p>No obstante lo anterior, se conceden al Usuario los derechos de acceso, descarga, impresi\u00f3n, reproducci\u00f3n en cualquier soporte, as\u00ed como el uso de los contenidos de la Web a los que se le permita el acceso, con fines meramente informativos.<\/p>\n<p>En el caso de que considere que se est\u00e1 violando cualquier normativa relativa a los derechos de propiedad intelectual u otros derechos en este sitio web, le rogamos que nos lo notifique con el objetivo de restablecer el orden alterado, si se ha producido.<\/p>\n<p>CONTENIDO WEB<\/p>\n<p>El contenido de este sitio web tiene como finalidad informar y dar a conocer las actividades, productos y servicios prestados por TERRITORI24. Queda prohibido el uso de los contenidos del sitio web para promocionar, contratar o divulgar publicidad o informaci\u00f3n propia o de terceros sin la autorizaci\u00f3n de TERRITORI24, ni remitir publicidad o informaci\u00f3n utilizando los servicios o informaci\u00f3n puestos a disposici\u00f3n del Usuario a trav\u00e9s de este sitio web.<\/p>\n<p>CONDICIONES DE ACCESO<\/p>\n<p>El acceso a nuestra web es gratuito y no requiere previa suscripci\u00f3n o registro. El Usuario deber\u00e1 acceder a la Web de buena fe y a las presentes condiciones generales de uso y acceder\u00e1 bajo su propia y exclusiva responsabilidad.<\/p>\n<p>Queda expresamente prohibido al Usuario la utilizaci\u00f3n y obtenci\u00f3n de los servicios y contenidos ofrecidos en este sitio web para procedimientos distintos a los estipulados en las condiciones de uso.<\/p>\n<p>PROTECCI\u00d3N DE DATOS PERSONALES<\/p>\n<p>Los Ficheros bajo nuestra responsabilidad se encuentran debidamente inscritos en el Registro General de Protecci\u00f3n de Datos. El Usuario tiene derecho en todo momento a acceder a dicha informaci\u00f3n, pudiendo rectificarla, cancelarla u oponerse adjuntando fotocopia de su DNI u otro documento identificativo, a la direcci\u00f3n: c\/ Esglesia 4-10, Local 2D, 08024 Barcelona.<\/p>\n<p>Para conocer los detalles sobre nuestros procesos de protecci\u00f3n de datos, puede consultar nuestra \u00abPol\u00edtica de Privacidad\u00bb en este sitio web.<\/p>\n<p>COOKIES<\/p>\n<p>Le informamos que podr\u00edamos utilizar \u00abcookies\u00bb para personalizar la publicidad y el contenido que ve durante la navegaci\u00f3n, satisfacer sus demandas sobre productos y servicios, e informarle sobre promociones y nuevos productos, para perfilar y mejorar nuestra relaci\u00f3n con el Usuario, para fidelizarlo, y para fines de seguimiento estad\u00edstico. El Usuario tiene la posibilidad de configurar su navegador para ser avisado de la recepci\u00f3n o, en su caso, rechazo de la recepci\u00f3n de \u00abcookies\u00bb en su disco duro, consultando las instrucciones y manuales de su navegador para m\u00e1s informaci\u00f3n al respecto.<\/p>\n<p>El uso de cookies en nuestro sitio web tiene como \u00fanica finalidad interrelacionar datos a trav\u00e9s de diferentes formularios de solicitud de datos.<\/p>\n<p>RESPONSABILIDADES<\/p>\n<p>Al poner a disposici\u00f3n del Usuario nuestra p\u00e1gina web, intentamos ofrecer contenidos y servicios de calidad, empleando la m\u00e1xima diligencia no solo en la prestaci\u00f3n de los mismos sino tambi\u00e9n en los medios tecnol\u00f3gicos utilizados. No obstante, no seremos responsables de la presencia de virus o cualquier otro elemento que pueda da\u00f1ar el sistema inform\u00e1tico, los documentos y los archivos del Usuario.<\/p>\n<p>TERRITORI24 no garantiza el correcto funcionamiento en cuanto a la disponibilidad y continuidad de su sitio web. En la medida de lo posible, intentaremos informar al Usuario de cualquier interrupci\u00f3n en el servicio, subsan\u00e1ndola a la mayor brevedad posible. No obstante, quedamos exentos de cualquier responsabilidad derivada del incorrecto funcionamiento o interrupciones del sitio web.<\/p>\n<p>Todo lo relacionado con este sitio web se rige exclusivamente por las leyes espa\u00f1olas.<\/p>\n<p>POL\u00cdTICA ANTI-SPAM Los usuarios que reciban comunicaciones, informaci\u00f3n, publicidad electr\u00f3nica de TERRITORI24 la reciben mediante solicitud de informaci\u00f3n, por cualquier medio (tradicional o electr\u00f3nico) sobre sus productos y servicios. Si NO desea que TERRITORI24 utilice sus datos para facilitar informaci\u00f3n sobre sus ofertas, dir\u00edjase a c\/ Esglesia 4-10, Local 2D, 08024 Barcelona, o a trav\u00e9s del correo electr\u00f3nico t24@territori24.com.<\/p>\n<p>ATENCI\u00d3N<\/p>\n<p>Las presentes condiciones generales de uso han sido establecidas por TERRITORI24. Podemos proceder a modificarlas en cualquier momento, comprueba la fecha de emisi\u00f3n cada vez que te conectes a nuestra web y obtendr\u00e1s la certeza de que no se ha producido ninguna modificaci\u00f3n que te afecte. Para cualquier aclaraci\u00f3n sobre las condiciones de uso de nuestro sitio web, puede ponerse en contacto con nosotros a trav\u00e9s de la direcci\u00f3n de correo electr\u00f3nico t24@territori24.com.<\/p>\n<\/div><\/div><\/div><\/div><\/div>\n","protected":false},"excerpt":{"rendered":"","protected":false},"author":1,"featured_media":0,"parent":0,"menu_order":0,"comment_status":"closed","ping_status":"closed","template":"","meta":{"footnotes":""},"class_list":["post-2522","page","type-page","status-publish","hentry"],"yoast_head":"<!-- This site is optimized with the Yoast SEO plugin v27.3 - https:\/\/yoast.com\/product\/yoast-seo-wordpress\/ -->\n<title>Informaci\u00f3n legal - Territori 24<\/title>\n<meta name=\"robots\" content=\"noindex, nofollow\" \/>\n<meta property=\"og:locale\" content=\"es_ES\" \/>\n<meta property=\"og:type\" content=\"article\" \/>\n<meta property=\"og:title\" content=\"Informaci\u00f3n legal - Territori 24\" \/>\n<meta property=\"og:url\" content=\"https:\/\/territori24.com\/es\/informacion-legal\/\" \/>\n<meta property=\"og:site_name\" content=\"Territori 24\" \/>\n<meta property=\"article:modified_time\" content=\"2023-11-20T11:25:50+00:00\" \/>\n<meta name=\"twitter:card\" content=\"summary_large_image\" \/>\n<meta name=\"twitter:label1\" content=\"Tiempo de lectura\" \/>\n\t<meta name=\"twitter:data1\" content=\"9 minutos\" \/>\n<script type=\"application\/ld+json\" class=\"yoast-schema-graph\">{\"@context\":\"https:\\\/\\\/schema.org\",\"@graph\":[{\"@type\":\"WebPage\",\"@id\":\"https:\\\/\\\/territori24.com\\\/es\\\/informacion-legal\\\/\",\"url\":\"https:\\\/\\\/territori24.com\\\/es\\\/informacion-legal\\\/\",\"name\":\"Informaci\u00f3n legal - Territori 24\",\"isPartOf\":{\"@id\":\"https:\\\/\\\/territori24.com\\\/#website\"},\"datePublished\":\"2023-10-19T09:35:53+00:00\",\"dateModified\":\"2023-11-20T11:25:50+00:00\",\"breadcrumb\":{\"@id\":\"https:\\\/\\\/territori24.com\\\/es\\\/informacion-legal\\\/#breadcrumb\"},\"inLanguage\":\"es\",\"potentialAction\":[{\"@type\":\"ReadAction\",\"target\":[\"https:\\\/\\\/territori24.com\\\/es\\\/informacion-legal\\\/\"]}]},{\"@type\":\"BreadcrumbList\",\"@id\":\"https:\\\/\\\/territori24.com\\\/es\\\/informacion-legal\\\/#breadcrumb\",\"itemListElement\":[{\"@type\":\"ListItem\",\"position\":1,\"name\":\"Portada\",\"item\":\"https:\\\/\\\/territori24.com\\\/es\\\/\"},{\"@type\":\"ListItem\",\"position\":2,\"name\":\"Informaci\u00f3n legal\"}]},{\"@type\":\"WebSite\",\"@id\":\"https:\\\/\\\/territori24.com\\\/#website\",\"url\":\"https:\\\/\\\/territori24.com\\\/\",\"name\":\"Territori 24\",\"description\":\"Arquitectura i Urbanisme\",\"potentialAction\":[{\"@type\":\"SearchAction\",\"target\":{\"@type\":\"EntryPoint\",\"urlTemplate\":\"https:\\\/\\\/territori24.com\\\/?s={search_term_string}\"},\"query-input\":{\"@type\":\"PropertyValueSpecification\",\"valueRequired\":true,\"valueName\":\"search_term_string\"}}],\"inLanguage\":\"es\"}]}<\/script>\n<!-- \/ Yoast SEO plugin. -->","yoast_head_json":{"title":"Informaci\u00f3n legal - Territori 24","robots":{"index":"noindex","follow":"nofollow"},"og_locale":"es_ES","og_type":"article","og_title":"Informaci\u00f3n legal - Territori 24","og_url":"https:\/\/territori24.com\/es\/informacion-legal\/","og_site_name":"Territori 24","article_modified_time":"2023-11-20T11:25:50+00:00","twitter_card":"summary_large_image","twitter_misc":{"Tiempo de lectura":"9 minutos"},"schema":{"@context":"https:\/\/schema.org","@graph":[{"@type":"WebPage","@id":"https:\/\/territori24.com\/es\/informacion-legal\/","url":"https:\/\/territori24.com\/es\/informacion-legal\/","name":"Informaci\u00f3n legal - Territori 24","isPartOf":{"@id":"https:\/\/territori24.com\/#website"},"datePublished":"2023-10-19T09:35:53+00:00","dateModified":"2023-11-20T11:25:50+00:00","breadcrumb":{"@id":"https:\/\/territori24.com\/es\/informacion-legal\/#breadcrumb"},"inLanguage":"es","potentialAction":[{"@type":"ReadAction","target":["https:\/\/territori24.com\/es\/informacion-legal\/"]}]},{"@type":"BreadcrumbList","@id":"https:\/\/territori24.com\/es\/informacion-legal\/#breadcrumb","itemListElement":[{"@type":"ListItem","position":1,"name":"Portada","item":"https:\/\/territori24.com\/es\/"},{"@type":"ListItem","position":2,"name":"Informaci\u00f3n legal"}]},{"@type":"WebSite","@id":"https:\/\/territori24.com\/#website","url":"https:\/\/territori24.com\/","name":"Territori 24","description":"Arquitectura i Urbanisme","potentialAction":[{"@type":"SearchAction","target":{"@type":"EntryPoint","urlTemplate":"https:\/\/territori24.com\/?s={search_term_string}"},"query-input":{"@type":"PropertyValueSpecification","valueRequired":true,"valueName":"search_term_string"}}],"inLanguage":"es"}]}},"_links":{"self":[{"href":"https:\/\/territori24.com\/es\/wp-json\/wp\/v2\/pages\/2522","targetHints":{"allow":["GET"]}}],"collection":[{"href":"https:\/\/territori24.com\/es\/wp-json\/wp\/v2\/pages"}],"about":[{"href":"https:\/\/territori24.com\/es\/wp-json\/wp\/v2\/types\/page"}],"author":[{"embeddable":true,"href":"https:\/\/territori24.com\/es\/wp-json\/wp\/v2\/users\/1"}],"replies":[{"embeddable":true,"href":"https:\/\/territori24.com\/es\/wp-json\/wp\/v2\/comments?post=2522"}],"version-history":[{"count":2,"href":"https:\/\/territori24.com\/es\/wp-json\/wp\/v2\/pages\/2522\/revisions"}],"predecessor-version":[{"id":2525,"href":"https:\/\/territori24.com\/es\/wp-json\/wp\/v2\/pages\/2522\/revisions\/2525"}],"wp:attachment":[{"href":"https:\/\/territori24.com\/es\/wp-json\/wp\/v2\/media?parent=2522"}],"curies":[{"name":"wp","href":"https:\/\/api.w.org\/{rel}","templated":true}]}}