{"id":2532,"date":"2023-11-17T08:55:53","date_gmt":"2023-11-17T08:55:53","guid":{"rendered":"https:\/\/territori24.com\/accesibilidad\/"},"modified":"2023-11-20T11:36:47","modified_gmt":"2023-11-20T11:36:47","slug":"accesibilidad","status":"publish","type":"page","link":"https:\/\/territori24.com\/es\/accesibilidad\/","title":{"rendered":"Accesibilidad"},"content":{"rendered":"<div class=\"fusion-fullwidth fullwidth-box fusion-builder-row-1 fusion-flex-container has-pattern-background has-mask-background nonhundred-percent-fullwidth non-hundred-percent-height-scrolling\" style=\"--awb-border-radius-top-left:0px;--awb-border-radius-top-right:0px;--awb-border-radius-bottom-right:0px;--awb-border-radius-bottom-left:0px;--awb-flex-wrap:wrap;\" ><div class=\"fusion-builder-row fusion-row fusion-flex-align-items-flex-start fusion-flex-content-wrap\" style=\"max-width:1476.8px;margin-left: calc(-4% \/ 2 );margin-right: calc(-4% \/ 2 );\"><div class=\"fusion-layout-column fusion_builder_column fusion-builder-column-0 fusion_builder_column_1_1 1_1 fusion-flex-column\" style=\"--awb-bg-size:cover;--awb-width-large:100%;--awb-margin-top-large:0px;--awb-spacing-right-large:1.92%;--awb-margin-bottom-large:20px;--awb-spacing-left-large:1.92%;--awb-width-medium:100%;--awb-order-medium:0;--awb-spacing-right-medium:1.92%;--awb-spacing-left-medium:1.92%;--awb-width-small:100%;--awb-order-small:0;--awb-spacing-right-small:1.92%;--awb-spacing-left-small:1.92%;\"><div class=\"fusion-column-wrapper fusion-column-has-shadow fusion-flex-justify-content-flex-start fusion-content-layout-column\"><div class=\"fusion-text fusion-text-1\" style=\"--awb-font-size:var(--awb-typography4-font-size);--awb-line-height:var(--awb-typography4-line-height);--awb-letter-spacing:var(--awb-typography4-letter-spacing);--awb-text-transform:var(--awb-typography4-text-transform);--awb-text-font-family:var(--awb-typography4-font-family);--awb-text-font-weight:var(--awb-typography4-font-weight);--awb-text-font-style:var(--awb-typography4-font-style);\"><p><strong>Declaraci\u00f3n de accesibilidad<\/strong><\/p>\n<p>Esta declaraci\u00f3n de accesibilidad se aplica al sitio web <a href=\"https:\/\/territori24.com\/es\/\" target=\"_new\" rel=\"noopener\">https:\/\/territori24.com:<\/a><\/p>\n<p><strong>Estado de cumplimiento<\/strong>: Este sitio web cumple parcialmente con el RD 1112\/2018 debido a las excepciones e incumplimientos que se detallan a continuaci\u00f3n.<\/p>\n<p><strong>Non-Accessible Content: The content listed below is not accessible due to the following reasons:<\/strong><\/p>\n<p>Incumplimiento del RD 1112\/2018: Puede haber errores puntuales de c\u00f3digo en determinadas p\u00e1ginas web (4.1.1 Tratamiento).<\/p>\n<p>Carga desproporcionada: No aplica.<\/p>\n<p>Contenido fuera del \u00e1mbito de la legislaci\u00f3n aplicable: No aplicable.<\/p>\n<p><strong>Preparaci\u00f3n de esta Declaraci\u00f3n de Accesibilidad: Esta declaraci\u00f3n se prepar\u00f3 el 6 de junio de 2023.<\/strong><\/p>\n<p>El m\u00e9todo utilizado para preparar la declaraci\u00f3n fue una autoevaluaci\u00f3n realizada por el equipo de desarrollo del sitio web.<\/p>\n<p><strong>Observaciones e informaci\u00f3n de contacto: Puede comunicar los requisitos de accesibilidad (art\u00edculo 10.2.a del RD 1112\/2018) mediante:<\/strong><\/p>\n<p>Informar de cualquier posible incumplimiento por parte de este sitio web. Transmitir otras dificultades de acceso. Realizar cualquier otra consulta o sugerencia de mejora relacionada con la accesibilidad del sitio web a trav\u00e9s del formulario de contacto del sitio web o llamando al (+34) 932 388 718.<\/p>\n<p>Puede presentar:<\/p>\n<p>Una queja sobre el cumplimiento de los requisitos del RD 1112\/2018 o una Solicitud de Informaci\u00f3n Accesible en relaci\u00f3n con: Contenido excluido del \u00e1mbito de aplicaci\u00f3n del RD 1112\/2018 seg\u00fan el art\u00edculo 3, secci\u00f3n 4. Contenidos exentos del cumplimiento de los requisitos de accesibilidad por imponer una carga desproporcionada.<\/p>\n<p>En la Solicitud de Informaci\u00f3n Accesible, debe especificar claramente los hechos, las razones y la solicitud para demostrar que se trata de una solicitud razonable y leg\u00edtima.<\/p>\n<p>Las quejas y reclamaciones sobre informaci\u00f3n accesible se gestionar\u00e1n por correo electr\u00f3nico y ser\u00e1n recibidas y procesadas por el equipo de desarrollo del sitio web.<\/p>\n<p><strong>Procedimiento de solicitud: Si una solicitud de informaci\u00f3n accesible o una queja ha sido rechazada, si hay desacuerdo con la decisi\u00f3n, o si la respuesta no cumple con los requisitos establecidos en el art\u00edculo 12.5, la persona interesada puede iniciar una queja.<\/strong> Tambi\u00e9n se puede iniciar una queja si han pasado veinte d\u00edas h\u00e1biles sin recibir respuesta.<\/p>\n<p><strong>Contenido opcional: Este portal est\u00e1 dise\u00f1ado para permitir cambios en el tama\u00f1o, el color y el fondo del texto a trav\u00e9s de la configuraci\u00f3n est\u00e1ndar del navegador.<\/strong><\/p>\n<p>Si desea cambiar el tama\u00f1o del texto en los principales navegadores gr\u00e1ficos, utilice los siguientes men\u00fas:<\/p>\n<p>Internet Explorer, Mozilla y Firefox: Ver &gt; tama\u00f1o del texto Opera: Ver &gt;Zoom Safari: Ver &gt;agrandar el texto Chrome: Controlar la p\u00e1gina actual &gt;Tama\u00f1o del texto Para modificar el tama\u00f1o de todo lo que hay en la p\u00e1gina: Ctrl + + para aumentar Ctrl + \u2013 para disminuir Ctrl + 0 restaura el tama\u00f1o del texto original<\/p>\n<p>Si desea anular la hoja de estilo o cambiar el color del texto, consulte la p\u00e1gina C\u00f3mo cambiar el tama\u00f1o o los colores del texto de la WAI, que se puede leer en espa\u00f1ol en \u00bfC\u00f3mo cambiar el tama\u00f1o del texto o colores?<\/p>\n<\/div><\/div><\/div><\/div><\/div>\n","protected":false},"excerpt":{"rendered":"","protected":false},"author":1,"featured_media":0,"parent":0,"menu_order":0,"comment_status":"closed","ping_status":"closed","template":"","meta":{"footnotes":""},"class_list":["post-2532","page","type-page","status-publish","hentry"],"yoast_head":"<!-- This site is optimized with the Yoast SEO plugin v27.3 - https:\/\/yoast.com\/product\/yoast-seo-wordpress\/ -->\n<title>Accesibilidad - Territori 24<\/title>\n<meta name=\"robots\" content=\"index, follow, max-snippet:-1, max-image-preview:large, max-video-preview:-1\" \/>\n<link rel=\"canonical\" href=\"https:\/\/territori24.com\/es\/accesibilidad\/\" \/>\n<meta property=\"og:locale\" content=\"es_ES\" \/>\n<meta property=\"og:type\" content=\"article\" \/>\n<meta property=\"og:title\" content=\"Accesibilidad - Territori 24\" \/>\n<meta property=\"og:url\" content=\"https:\/\/territori24.com\/es\/accesibilidad\/\" \/>\n<meta property=\"og:site_name\" content=\"Territori 24\" \/>\n<meta property=\"article:modified_time\" content=\"2023-11-20T11:36:47+00:00\" \/>\n<meta name=\"twitter:card\" content=\"summary_large_image\" \/>\n<meta name=\"twitter:label1\" content=\"Tiempo de lectura\" \/>\n\t<meta name=\"twitter:data1\" content=\"7 minutos\" \/>\n<script type=\"application\/ld+json\" class=\"yoast-schema-graph\">{\"@context\":\"https:\\\/\\\/schema.org\",\"@graph\":[{\"@type\":\"WebPage\",\"@id\":\"https:\\\/\\\/territori24.com\\\/es\\\/accesibilidad\\\/\",\"url\":\"https:\\\/\\\/territori24.com\\\/es\\\/accesibilidad\\\/\",\"name\":\"Accesibilidad - Territori 24\",\"isPartOf\":{\"@id\":\"https:\\\/\\\/territori24.com\\\/#website\"},\"datePublished\":\"2023-11-17T08:55:53+00:00\",\"dateModified\":\"2023-11-20T11:36:47+00:00\",\"breadcrumb\":{\"@id\":\"https:\\\/\\\/territori24.com\\\/es\\\/accesibilidad\\\/#breadcrumb\"},\"inLanguage\":\"es\",\"potentialAction\":[{\"@type\":\"ReadAction\",\"target\":[\"https:\\\/\\\/territori24.com\\\/es\\\/accesibilidad\\\/\"]}]},{\"@type\":\"BreadcrumbList\",\"@id\":\"https:\\\/\\\/territori24.com\\\/es\\\/accesibilidad\\\/#breadcrumb\",\"itemListElement\":[{\"@type\":\"ListItem\",\"position\":1,\"name\":\"Portada\",\"item\":\"https:\\\/\\\/territori24.com\\\/es\\\/\"},{\"@type\":\"ListItem\",\"position\":2,\"name\":\"Accesibilidad\"}]},{\"@type\":\"WebSite\",\"@id\":\"https:\\\/\\\/territori24.com\\\/#website\",\"url\":\"https:\\\/\\\/territori24.com\\\/\",\"name\":\"Territori 24\",\"description\":\"Arquitectura i Urbanisme\",\"potentialAction\":[{\"@type\":\"SearchAction\",\"target\":{\"@type\":\"EntryPoint\",\"urlTemplate\":\"https:\\\/\\\/territori24.com\\\/?s={search_term_string}\"},\"query-input\":{\"@type\":\"PropertyValueSpecification\",\"valueRequired\":true,\"valueName\":\"search_term_string\"}}],\"inLanguage\":\"es\"}]}<\/script>\n<!-- \/ Yoast SEO plugin. -->","yoast_head_json":{"title":"Accesibilidad - Territori 24","robots":{"index":"index","follow":"follow","max-snippet":"max-snippet:-1","max-image-preview":"max-image-preview:large","max-video-preview":"max-video-preview:-1"},"canonical":"https:\/\/territori24.com\/es\/accesibilidad\/","og_locale":"es_ES","og_type":"article","og_title":"Accesibilidad - Territori 24","og_url":"https:\/\/territori24.com\/es\/accesibilidad\/","og_site_name":"Territori 24","article_modified_time":"2023-11-20T11:36:47+00:00","twitter_card":"summary_large_image","twitter_misc":{"Tiempo de lectura":"7 minutos"},"schema":{"@context":"https:\/\/schema.org","@graph":[{"@type":"WebPage","@id":"https:\/\/territori24.com\/es\/accesibilidad\/","url":"https:\/\/territori24.com\/es\/accesibilidad\/","name":"Accesibilidad - Territori 24","isPartOf":{"@id":"https:\/\/territori24.com\/#website"},"datePublished":"2023-11-17T08:55:53+00:00","dateModified":"2023-11-20T11:36:47+00:00","breadcrumb":{"@id":"https:\/\/territori24.com\/es\/accesibilidad\/#breadcrumb"},"inLanguage":"es","potentialAction":[{"@type":"ReadAction","target":["https:\/\/territori24.com\/es\/accesibilidad\/"]}]},{"@type":"BreadcrumbList","@id":"https:\/\/territori24.com\/es\/accesibilidad\/#breadcrumb","itemListElement":[{"@type":"ListItem","position":1,"name":"Portada","item":"https:\/\/territori24.com\/es\/"},{"@type":"ListItem","position":2,"name":"Accesibilidad"}]},{"@type":"WebSite","@id":"https:\/\/territori24.com\/#website","url":"https:\/\/territori24.com\/","name":"Territori 24","description":"Arquitectura i Urbanisme","potentialAction":[{"@type":"SearchAction","target":{"@type":"EntryPoint","urlTemplate":"https:\/\/territori24.com\/?s={search_term_string}"},"query-input":{"@type":"PropertyValueSpecification","valueRequired":true,"valueName":"search_term_string"}}],"inLanguage":"es"}]}},"_links":{"self":[{"href":"https:\/\/territori24.com\/es\/wp-json\/wp\/v2\/pages\/2532","targetHints":{"allow":["GET"]}}],"collection":[{"href":"https:\/\/territori24.com\/es\/wp-json\/wp\/v2\/pages"}],"about":[{"href":"https:\/\/territori24.com\/es\/wp-json\/wp\/v2\/types\/page"}],"author":[{"embeddable":true,"href":"https:\/\/territori24.com\/es\/wp-json\/wp\/v2\/users\/1"}],"replies":[{"embeddable":true,"href":"https:\/\/territori24.com\/es\/wp-json\/wp\/v2\/comments?post=2532"}],"version-history":[{"count":2,"href":"https:\/\/territori24.com\/es\/wp-json\/wp\/v2\/pages\/2532\/revisions"}],"predecessor-version":[{"id":2535,"href":"https:\/\/territori24.com\/es\/wp-json\/wp\/v2\/pages\/2532\/revisions\/2535"}],"wp:attachment":[{"href":"https:\/\/territori24.com\/es\/wp-json\/wp\/v2\/media?parent=2532"}],"curies":[{"name":"wp","href":"https:\/\/api.w.org\/{rel}","templated":true}]}}